{"id":14311,"date":"2023-12-04T18:56:06","date_gmt":"2023-12-04T18:56:06","guid":{"rendered":"https:\/\/asseit.com\/?post_type=product&#038;p=14311"},"modified":"2023-12-04T18:56:30","modified_gmt":"2023-12-04T18:56:30","slug":"10a0975c","status":"publish","type":"product","link":"https:\/\/asseit.com\/index.php\/product\/10a0975c\/","title":{"rendered":"10A0975C"},"content":{"rendered":"<p>L&#8217;article 10A0975C de marque DAYCO est un(e) Courroie trap\u00e9zo\u00efdale compatible avec des moteurs de marques suivantes: BEDFORD, BMW, CITRO\u00cbN, CITRO\u00cbN , PEUGEOT, DAYCO, FIAT, FORD, GENERAL MOTORS, HONDA, MAZDA, MERCEDES-BENZ, MITSUBISHI, NISSAN, PORSCHE, RENAULT, RENAULT TRUCKS, ROVER, SAAB, SKODA, TALBOT, TOYOTA, TRIUMPH, VAG, VAUXHALL, VOLVO<br \/>\nLES r\u00e9f\u00e9rences:<br \/>\n10&#215;975, \u00a07180686,\u00a06376168, \u00a011211258120,\u00a011311268697,\u00a012311260568,\u00a012311268697, \u00a0DX2316D,\u00a0DX231213A, \u00a05347213S,\u00a0574926,\u00a05414408L, \u00a04200845,\u00a04028501, \u00a06070707,\u00a079TF6C301DA,\u00a085HF6C301J1A,\u00a085HF6C301J2A,\u00a06161560,\u00a06161559,\u00a086TF6C301BA,\u00a01646285,\u00a0V87VB6C301AA,\u00a01638510, \u00a090006265,\u00a090169520,\u00a01340712, \u00a031110PA6912,\u00a031110689003,\u00a031110PA6911, \u00a0N33213813A, \u00a00069973092,\u00a00079972692,\u00a00069979292,\u00a00039973592,\u00a00079971892, \u00a0MH014050,\u00a0MD041704,\u00a0MH014054,\u00a0MH014055, \u00a01172077792JP,\u00a01172077702TM,\u00a01172077702,\u00a01172077701,\u00a011720N9510TM,\u00a0A172A7779BGA,\u00a011721H7210,\u00a011721Y9501,\u00a02106710600,\u00a011720N9520,\u00a011721H7200,\u00a01172077792KE,\u00a011721H7201,\u00a011720H8500,\u00a011720N9510,\u00a0A1721H7201, \u00a090019200550, \u00a00854687200, \u00a07700640354,\u00a08546872, \u00a0TRC2801,\u00a0GFB136,\u00a0GFB262,\u00a0UE31855RR,\u00a0GFB10975,\u00a0GFB145, \u00a08380492,\u00a0838492,\u00a07511728,\u00a09341314,\u00a09323510,\u00a093185052,\u00a08384927, \u00a0943097509, \u00a09226584,\u00a040760100,\u00a0407601,\u00a0409105,\u00a01238402, \u00a09091602119,\u00a09091602132,\u00a09932150975,\u00a09091602281, \u00a0TRA1016J, \u00a0028903137E,\u00a0035145271G,\u00a0028903137C, \u00a06355814,\u00a06304930, \u00a0958309,\u00a0958354,\u00a0966968,\u00a0966912,\u00a0973541, \u00a01987947691,\u00a01987947612, \u00a0AVX10X975,\u00a0AVX10X980,\u00a0119X985LD, \u00a095X975,\u00a0AVX10X975LA, \u00a06258MC,\u00a06219MC, \u00a010AV0975, \u00a0AV10970, \u00a0FB10X975, \u00a0014VE, \u00a0J1100975, \u00a0QBA975, \u00a01A0975, \u00a0VKMV10AVX975,\u00a0VKMV10AVX980, \u00a0CA10AV980, \u00a0470950975, \u00a0GCB10975,\u00a097, \u00a010AV0975, 10A0975C<\/p>\n","protected":false},"excerpt":{"rendered":"<p>10A0975C &#8211; DAYCO 10A0975C Courroie trap\u00e9zo\u010fdale \/ DAYCO<\/p>\n","protected":false},"featured_media":14312,"comment_status":"open","ping_status":"closed","template":"","meta":[],"product_cat":[57],"product_tag":[259,256,258,260,257,331,311,309,310,282,341,328,225,228,229,268,267,266,265,276,278,279,269,274,275,277,271,272,323,230,231,303,251,248,246,320,319,334,273,253,254,252,238,301,300,302,237,338,234,236,235,239,244,243,327,326,313,312,227,226,293,283,240,291,292,297,284,241,242,245,249,281,250,304,305,307,299,296,295,294,298,314,315,324,317,316,340,318,306,280,270,329,321,325,322,337,233,232,330,339,289,286,290,287,332,262,261,263,264,255,333,308,285,288,247,335,336],"class_list":["post-14311","product","type-product","status-publish","has-post-thumbnail","hentry","product_cat-courroies-et-kit-de-distribution","product_tag-259","product_tag-256","product_tag-258","product_tag-260","product_tag-257","product_tag-014ve","product_tag-028903137c","product_tag-028903137e","product_tag-035145271g","product_tag-282","product_tag-10a0975c","product_tag-10av0975","product_tag-10x975","product_tag-228","product_tag-229","product_tag-268","product_tag-267","product_tag-1172077702tm","product_tag-1172077792jp","product_tag-1172077792ke","product_tag-11720h8500","product_tag-11720n9510","product_tag-11720n9510tm","product_tag-11720n9520","product_tag-11721h7200","product_tag-11721h7201","product_tag-11721h7210","product_tag-11721y9501","product_tag-119x985ld","product_tag-230","product_tag-231","product_tag-303","product_tag-251","product_tag-248","product_tag-246","product_tag-320","product_tag-319","product_tag-1a0975","product_tag-273","product_tag-253","product_tag-31110pa6911","product_tag-31110pa6912","product_tag-238","product_tag-301","product_tag-300","product_tag-302","product_tag-237","product_tag-338","product_tag-5347213s","product_tag-5414408l","product_tag-235","product_tag-239","product_tag-244","product_tag-243","product_tag-6219mc","product_tag-6258mc","product_tag-313","product_tag-312","product_tag-227","product_tag-226","product_tag-293","product_tag-283","product_tag-79tf6c301da","product_tag-291","product_tag-292","product_tag-297","product_tag-284","product_tag-85hf6c301j1a","product_tag-85hf6c301j2a","product_tag-86tf6c301ba","product_tag-249","product_tag-281","product_tag-250","product_tag-304","product_tag-305","product_tag-307","product_tag-299","product_tag-296","product_tag-295","product_tag-294","product_tag-298","product_tag-314","product_tag-315","product_tag-95x975","product_tag-317","product_tag-316","product_tag-340","product_tag-318","product_tag-306","product_tag-a1721h7201","product_tag-a172a7779bga","product_tag-av10970","product_tag-avx10x975","product_tag-avx10x975la","product_tag-avx10x980","product_tag-ca10av980","product_tag-dx231213a","product_tag-dx2316d","product_tag-fb10x975","product_tag-gcb10975","product_tag-gfb10975","product_tag-gfb136","product_tag-gfb145","product_tag-gfb262","product_tag-j1100975","product_tag-md041704","product_tag-mh014050","product_tag-mh014054","product_tag-mh014055","product_tag-n33213813a","product_tag-qba975","product_tag-tra1016j","product_tag-trc2801","product_tag-ue31855rr","product_tag-v87vb6c301aa","product_tag-vkmv10avx975","product_tag-vkmv10avx980"],"_links":{"self":[{"href":"https:\/\/asseit.com\/index.php\/wp-json\/wp\/v2\/product\/14311","targetHints":{"allow":["GET"]}}],"collection":[{"href":"https:\/\/asseit.com\/index.php\/wp-json\/wp\/v2\/product"}],"about":[{"href":"https:\/\/asseit.com\/index.php\/wp-json\/wp\/v2\/types\/product"}],"replies":[{"embeddable":true,"href":"https:\/\/asseit.com\/index.php\/wp-json\/wp\/v2\/comments?post=14311"}],"wp:featuredmedia":[{"embeddable":true,"href":"https:\/\/asseit.com\/index.php\/wp-json\/wp\/v2\/media\/14312"}],"wp:attachment":[{"href":"https:\/\/asseit.com\/index.php\/wp-json\/wp\/v2\/media?parent=14311"}],"wp:term":[{"taxonomy":"product_cat","embeddable":true,"href":"https:\/\/asseit.com\/index.php\/wp-json\/wp\/v2\/product_cat?post=14311"},{"taxonomy":"product_tag","embeddable":true,"href":"https:\/\/asseit.com\/index.php\/wp-json\/wp\/v2\/product_tag?post=14311"}],"curies":[{"name":"wp","href":"https:\/\/api.w.org\/{rel}","templated":true}]}}